{"id":155,"date":"2022-07-03T12:14:08","date_gmt":"2022-07-03T12:14:08","guid":{"rendered":"https:\/\/www.naturebylu.ch\/?page_id=155"},"modified":"2023-10-03T19:55:26","modified_gmt":"2023-10-03T19:55:26","slug":"allgemeine-geschaftsbeding","status":"publish","type":"page","link":"https:\/\/www.naturebylu.ch\/pt\/allgemeine-geschaftsbeding\/","title":{"rendered":"Allgemeine Gesch\u00e4ftsbeding"},"content":{"rendered":"<div data-elementor-type=\"wp-page\" data-elementor-id=\"155\" class=\"elementor elementor-155\" data-elementor-post-type=\"page\">\n\t\t\t\t\t\t<section class=\"elementor-section elementor-top-section elementor-element elementor-element-7f09c924 elementor-section-boxed elementor-section-height-default elementor-section-height-default\" data-id=\"7f09c924\" data-element_type=\"section\">\n\t\t\t\t\t\t<div class=\"elementor-container elementor-column-gap-default\">\n\t\t\t\t\t<div class=\"elementor-column elementor-col-100 elementor-top-column elementor-element elementor-element-4823804f\" data-id=\"4823804f\" data-element_type=\"column\">\n\t\t\t<div class=\"elementor-widget-wrap elementor-element-populated\">\n\t\t\t\t\t\t<div class=\"elementor-element elementor-element-79f9729a elementor-widget-divider--view-line_text elementor-widget-divider--element-align-center elementor-widget elementor-widget-divider\" data-id=\"79f9729a\" data-element_type=\"widget\" data-widget_type=\"divider.default\">\n\t\t\t\t<div class=\"elementor-widget-container\">\n\t\t\t\t\t\t\t<div class=\"elementor-divider\">\n\t\t\t<span class=\"elementor-divider-separator\">\n\t\t\t\t\t\t\t<span class=\"elementor-divider__text elementor-divider__element\">\n\t\t\t\tallgemeine gesch\u00e4ftsbedingungen\t\t\t\t<\/span>\n\t\t\t\t\t\t<\/span>\n\t\t<\/div>\n\t\t\t\t\t\t<\/div>\n\t\t\t\t<\/div>\n\t\t\t\t\t<\/div>\n\t\t<\/div>\n\t\t\t\t\t<\/div>\n\t\t<\/section>\n\t\t\t\t<section class=\"elementor-section elementor-top-section elementor-element elementor-element-ea71989 elementor-section-boxed elementor-section-height-default elementor-section-height-default\" data-id=\"ea71989\" data-element_type=\"section\">\n\t\t\t\t\t\t<div class=\"elementor-container elementor-column-gap-default\">\n\t\t\t\t\t<div class=\"elementor-column elementor-col-100 elementor-top-column elementor-element elementor-element-e67097f\" data-id=\"e67097f\" data-element_type=\"column\">\n\t\t\t<div class=\"elementor-widget-wrap elementor-element-populated\">\n\t\t\t\t\t\t<div class=\"elementor-element elementor-element-d074819 elementor-widget elementor-widget-text-editor\" data-id=\"d074819\" data-element_type=\"widget\" data-widget_type=\"text-editor.default\">\n\t\t\t\t<div class=\"elementor-widget-container\">\n\t\t\t\t\t\t\t\t\t<p><span style=\"font-style: inherit; font-weight: inherit; background-color: var(--ast-global-color-5);\">Bem-vindo \u00e0 Nature!<\/span><br><\/p>\n<p>Estes termos e condi\u00e7\u00f5es gerais descrevem as regras e regulamentos que regem o uso do site Nature by Lu em www.naturebylu.ch.<\/p>\n<p>Ao acessar este site, assumiremos que voc\u00ea aceita estes termos. N\u00e3o continue a usar Nature by Lu se n\u00e3o concordar em aceitar todos os termos listados nesta p\u00e1gina.<\/p>\n<p>A terminologia a seguir se aplica a estes Termos de Servi\u00e7o, Pol\u00edtica de Privacidade e Isen\u00e7\u00e3o de Responsabilidade, e todos os Contratos: \"Cliente\", \"voc\u00ea\" e \"seu\" referem-se a voc\u00ea, o indiv\u00edduo que faz login neste site e que est\u00e1 sujeito aos Termos de Servi\u00e7o \u00e9 equivalente a. \u201cA empresa\u201d, \u201cn\u00f3s\u201d, \u201cn\u00f3s\u201d, \u201cnosso\u201d e \u201cnos\u201d referem-se \u00e0 nossa empresa. \"Parte\", \"partes\" ou \"n\u00f3s\" refere-se tanto ao cliente quanto a n\u00f3s mesmos. Todos os termos referem-se \u00e0 oferta, aceita\u00e7\u00e3o e considera\u00e7\u00e3o do pagamento necess\u00e1rio para concluir o processo de assist\u00eancia ao cliente a ser realizado da maneira mais adequada para atender expressamente \u00e0s necessidades do cliente em rela\u00e7\u00e3o \u00e0 presta\u00e7\u00e3o dos servi\u00e7os especificados da empresa, de acordo com e sujeito \u00e0 lei aplic\u00e1vel da Su\u00ed\u00e7a.<\/p>\n<p><strong>Cookies<\/strong><\/p>\n<p>Usamos cookies. Ao acessar a Nature by Lu, voc\u00ea consentiu com o uso de cookies de acordo com a pol\u00edtica de privacidade da Nature by Lu.<\/p>\n<p>A maioria dos sites interativos usa cookies para nos permitir recuperar informa\u00e7\u00f5es do usu\u00e1rio em cada visita. Os cookies s\u00e3o usados \u200b\u200bpelo nosso site para permitir a funcionalidade de determinadas \u00e1reas e para facilitar a visita dos visitantes ao nosso site. Alguns de nossos afiliados\/parceiros de publicidade tamb\u00e9m podem usar cookies.<\/p>\n<p><strong>Licen\u00e7a<\/strong><\/p>\n<p>Salvo indica\u00e7\u00e3o em contr\u00e1rio, a Nature by Lu e\/ou seus licenciadores possuem os direitos de propriedade intelectual de todos os materiais da Nature by Lu. Todos os direitos de propriedade intelectual s\u00e3o reservados. Voc\u00ea pode acess\u00e1-lo da Nature by Lu para seu uso pessoal, sujeito \u00e0s restri\u00e7\u00f5es estabelecidas nestes Termos e Condi\u00e7\u00f5es.<\/p>\n<p>Voc\u00ea n\u00e3o deve:<\/p>\n<ul>\n<li>\n<p>Republicar material da Nature por Lu<\/p>\n<\/li>\n<li>\n<p>Vender, alugar ou sublicenciar material da Nature by Lu<\/p>\n<\/li>\n<li>\n<p>Reproduza, duplique ou copie qualquer material da Nature by Lu<\/p>\n<\/li>\n<li>\n<p>Distribuir conte\u00fado da Nature by Lu<\/p>\n<\/li>\n<\/ul>\n<p>Este contrato come\u00e7a na data deste contrato. Nossos termos e condi\u00e7\u00f5es foram criados com a ajuda do Gerador de Termos e Condi\u00e7\u00f5es do TermsFeed Free.<\/p>\n<p>Partes deste site oferecem aos usu\u00e1rios a oportunidade de postar e trocar opini\u00f5es e informa\u00e7\u00f5es em determinadas \u00e1reas do site. Nature by Lu n\u00e3o filtra, edita, publica ou revisa coment\u00e1rios antes que eles apare\u00e7am no site. Os coment\u00e1rios n\u00e3o refletem os pontos de vista e opini\u00f5es da Nature by Lu, seus agentes e\/ou afiliados. Os coment\u00e1rios refletem os pontos de vista e opini\u00f5es da pessoa que publica seus pontos de vista e opini\u00f5es. Na extens\u00e3o m\u00e1xima permitida pela lei aplic\u00e1vel, Nature by Lu n\u00e3o ser\u00e1 respons\u00e1vel pelos coment\u00e1rios ou por qualquer responsabilidade, dano ou despesa causada e\/ou sofrida como resultado do uso e\/ou publica\u00e7\u00e3o e\/ou apar\u00eancia dos coment\u00e1rios em esse site.<\/p>\n<p>Nature by Lu se reserva o direito de monitorar e remover quaisquer coment\u00e1rios que sejam considerados inadequados, ofensivos ou que violem estes Termos de Servi\u00e7o.<\/p>\n<p>Voc\u00ea garante e declara que:<\/p>\n<ul>\n<li>\n<p>Voc\u00ea tem o direito de postar os coment\u00e1rios em nosso site e tem todas as licen\u00e7as e consentimentos necess\u00e1rios para faz\u00ea-lo;<\/p>\n<\/li>\n<li>\n<p>Os coment\u00e1rios n\u00e3o infringem nenhum direito de propriedade intelectual, incluindo, mas n\u00e3o se limitando a, direitos autorais, patentes ou marcas registradas de terceiros;<\/p>\n<\/li>\n<li>\n<p>Os coment\u00e1rios n\u00e3o conter\u00e3o nenhum material difamat\u00f3rio, calunioso, abusivo, indecente ou ilegal que seja uma invas\u00e3o de privacidade;<\/p>\n<\/li>\n<li>\n<p>Os coment\u00e1rios n\u00e3o ser\u00e3o usados \u200b\u200bpara solicitar ou promover qualquer neg\u00f3cio ou costume, ou para apresentar qualquer atividade comercial ou atividade ilegal.<\/p>\n<\/li>\n<\/ul>\n<p>Voc\u00ea concede \u00e0 Nature by Lu uma licen\u00e7a n\u00e3o exclusiva para usar, reproduzir, editar e autorizar outros a usar, reproduzir e editar seus coment\u00e1rios em toda e qualquer forma, formato ou m\u00eddia.<\/p>\n<p><strong>Hiperlinks<\/strong><\/p>\n<p>As seguintes organiza\u00e7\u00f5es podem vincular-se ao nosso site sem permiss\u00e3o pr\u00e9via por escrito:<\/p>\n<ul>\n<li>\n<p>Autoridades governamentais;<\/p>\n<\/li>\n<li>\n<p>Motores de busca;<\/p>\n<\/li>\n<li>\n<p>Organiza\u00e7\u00f5es de not\u00edcias;<\/p>\n<\/li>\n<li>\n<p>Os provedores de diret\u00f3rios on-line podem vincular ao nosso site da mesma forma que os sites de outras empresas de capital aberto; e<\/p>\n<\/li>\n<li>\n<p>Empresas credenciadas em todo o sistema, excluindo organiza\u00e7\u00f5es sem fins lucrativos de publicidade, shopping centers de caridade e grupos de angaria\u00e7\u00e3o de fundos de caridade que podem n\u00e3o ter um hiperlink para nosso site.<\/p>\n<\/li>\n<\/ul>\n<p>Essas organiza\u00e7\u00f5es podem criar links para nossa p\u00e1gina inicial, publica\u00e7\u00f5es ou outras informa\u00e7\u00f5es do site, desde que o link: (a) n\u00e3o seja de forma alguma enganoso; (b) n\u00e3o implique falsamente patroc\u00ednio, endosso ou aprova\u00e7\u00e3o da parte vinculada e seus produtos e\/ou servi\u00e7os; e (c) \u00e9 apropriado ao contexto do site da parte vinculada.<\/p>\n<p>Podemos considerar e aprovar outras solicita\u00e7\u00f5es de vincula\u00e7\u00e3o dos seguintes tipos de organiza\u00e7\u00f5es:<\/p>\n<ul>\n<li>\n<p>Fontes de informa\u00e7\u00f5es de consumidores e\/ou neg\u00f3cios comumente conhecidas;<\/p>\n<\/li>\n<li>\n<p>Sites da comunidade .com;<\/p>\n<\/li>\n<li>\n<p>Associa\u00e7\u00f5es ou outros grupos que representam institui\u00e7\u00f5es de caridade;<\/p>\n<\/li>\n<li>\n<p>Distribuidores de diret\u00f3rios online;<\/p>\n<\/li>\n<li>\n<p>Portais de internet;<\/p>\n<\/li>\n<li>\n<p>Escrit\u00f3rios de contabilidade, jur\u00eddicos e de consultoria; e<\/p>\n<\/li>\n<li>\n<p>Institui\u00e7\u00f5es de ensino e associa\u00e7\u00f5es empresariais.<\/p>\n<\/li>\n<\/ul>\n<p>Aprovaremos solicita\u00e7\u00f5es de links dessas organiza\u00e7\u00f5es se determinarmos que: (a) o link n\u00e3o nos faria depreciar a n\u00f3s mesmos ou a nossos neg\u00f3cios credenciados; (b) a organiza\u00e7\u00e3o n\u00e3o possui registros adversos conosco; (c) o benef\u00edcio para n\u00f3s da visibilidade do hiperlink compensa a aus\u00eancia da Nature por Lu; e (d) o link est\u00e1 no contexto de informa\u00e7\u00f5es gerais sobre recursos.<\/p>\n<p>Essas organiza\u00e7\u00f5es podem criar links para nossa p\u00e1gina inicial, desde que o link: (a) n\u00e3o seja enganoso de forma alguma; (b) n\u00e3o implique falsamente patroc\u00ednio, endosso ou aprova\u00e7\u00e3o da parte vinculada e seus produtos ou servi\u00e7os; e (c) \u00e9 apropriado ao contexto do site da parte vinculada.<\/p>\n<p>Se voc\u00ea \u00e9 uma das organiza\u00e7\u00f5es listadas no par\u00e1grafo 2 acima e est\u00e1 interessado em se conectar ao nosso site, voc\u00ea deve nos informar enviando um e-mail para Nature by Lu. Inclua seu nome, nome da organiza\u00e7\u00e3o, informa\u00e7\u00f5es de contato e URL do seu site, uma lista de todos os URLs dos quais voc\u00ea pretende vincular ao nosso site e uma lista dos URLs do nosso site aos quais voc\u00ea deseja vincular. Aguarde 2-3 semanas por uma resposta.<\/p>\n<p>As organiza\u00e7\u00f5es aprovadas podem vincular-se ao nosso site da seguinte forma:<\/p>\n<ul>\n<li>\n<p>Ao usar o nome da nossa empresa; ou<\/p>\n<\/li>\n<li>\n<p>Usando o Uniform Resource Locator vinculado a; ou<\/p>\n<\/li>\n<li>\n<p>O uso de uma descri\u00e7\u00e3o diferente do nosso site ao qual est\u00e1 vinculado faz sentido no contexto e formato do conte\u00fado no site da parte vinculada.<\/p>\n<\/li>\n<\/ul>\n<p>O uso do logotipo Nature by Lu ou outra arte para vincula\u00e7\u00e3o \u00e9 proibido sem um contrato de licen\u00e7a de marca registrada.<\/p>\n<p><strong>iFrames<\/strong><\/p>\n<p>Sem aprova\u00e7\u00e3o pr\u00e9via e permiss\u00e3o por escrito, voc\u00ea n\u00e3o pode criar frames em torno de nossas p\u00e1ginas da web que alterem de alguma forma a apresenta\u00e7\u00e3o visual ou a apar\u00eancia de nosso site.<\/p>\n<p><strong>Responsabilidade pelo conte\u00fado<\/strong><\/p>\n<p>N\u00e3o nos responsabilizamos por nenhum conte\u00fado que apare\u00e7a em seu site. Voc\u00ea concorda em nos proteger e nos defender contra quaisquer reivindica\u00e7\u00f5es feitas em seu site. Nenhum link pode aparecer em qualquer site que possa ser interpretado como difamat\u00f3rio, obsceno ou criminoso, ou que infrinja, infrinja ou advogue a viola\u00e7\u00e3o ou outra viola\u00e7\u00e3o dos direitos de terceiros.<\/p>\n<p><strong>Sua privacidade<\/strong><\/p>\n<p>Por favor, leia a pol\u00edtica de privacidade.<\/p>\n<p><strong>Reserva de Direitos<\/strong><\/p>\n<p>Reservamo-nos o direito de solicitar que voc\u00ea remova qualquer link ou qualquer link espec\u00edfico para o nosso site. Voc\u00ea concorda em remover imediatamente qualquer link para nosso site mediante solicita\u00e7\u00e3o. Tamb\u00e9m nos reservamos o direito de alterar estes Termos de Servi\u00e7o e sua pol\u00edtica de vincula\u00e7\u00e3o a qualquer momento. Ao continuar a vincular ao nosso site, voc\u00ea concorda em ficar vinculado e cumprir estes termos de vincula\u00e7\u00e3o.<\/p>\n<p><strong>Remo\u00e7\u00e3o de links do nosso site<\/strong><\/p>\n<p>Se voc\u00ea encontrar algum link em nosso site que seja censur\u00e1vel por qualquer motivo, voc\u00ea pode entrar em contato e nos informar a qualquer momento. Consideraremos solicita\u00e7\u00f5es para remover links, mas n\u00e3o somos obrigados ou responderemos diretamente a voc\u00ea.<\/p>\n<p>N\u00e3o garantimos que as informa\u00e7\u00f5es contidas neste site estejam corretas, n\u00e3o garantimos sua integridade ou exatid\u00e3o; Tampouco prometemos garantir que o site permane\u00e7a dispon\u00edvel ou que o material no site seja mantido atualizado.<\/p>\n<p><strong>Isen\u00e7\u00e3o de responsabilidade<\/strong><\/p>\n<p>Na extens\u00e3o m\u00e1xima permitida pela lei aplic\u00e1vel, exclu\u00edmos todas as representa\u00e7\u00f5es, garantias e condi\u00e7\u00f5es em rela\u00e7\u00e3o ao nosso site e ao uso deste site. Nada neste aviso legal ir\u00e1:<\/p>\n<ul>\n<li>\n<p>Limitar ou excluir nossa ou sua responsabilidade por morte ou danos pessoais;<\/p>\n<\/li>\n<li>\n<p>Limitar ou excluir nossa ou sua responsabilidade por fraude ou deturpa\u00e7\u00e3o fraudulenta;<\/p>\n<\/li>\n<li>\n<p>Limitar nossas ou suas responsabilidades de qualquer forma que n\u00e3o seja permitida pela lei aplic\u00e1vel; ou<\/p>\n<\/li>\n<li>\n<p>Excluir qualquer uma de nossas ou suas responsabilidades que n\u00e3o possam ser exclu\u00eddas de acordo com a lei aplic\u00e1vel.<\/p>\n<\/li>\n<\/ul>\n<p>As limita\u00e7\u00f5es e proibi\u00e7\u00f5es de responsabilidade estabelecidas nesta se\u00e7\u00e3o e em outras partes desta isen\u00e7\u00e3o de responsabilidade: (a) est\u00e3o sujeitas ao par\u00e1grafo acima; e (b) reger todas as responsabilidades decorrentes da isen\u00e7\u00e3o de responsabilidade, incluindo responsabilidades decorrentes de contrato, ato il\u00edcito e viola\u00e7\u00e3o de dever legal.<\/p>\n<p>Desde que o site e as informa\u00e7\u00f5es e servi\u00e7os no site sejam disponibilizados gratuitamente, n\u00e3o seremos respons\u00e1veis \u200b\u200bpor quaisquer perdas ou danos de qualquer tipo.<\/p>\t\t\t\t\t\t\t\t<\/div>\n\t\t\t\t<\/div>\n\t\t\t\t\t<\/div>\n\t\t<\/div>\n\t\t\t\t\t<\/div>\n\t\t<\/section>\n\t\t\t\t<\/div>","protected":false},"excerpt":{"rendered":"<p>allgemeine gesch\u00e4ftsbedingungen Willkommen bei Nature by Lu! Diese Allgemeinen Gesch\u00e4ftsbedingungen beschreiben die Regeln und Vorschriften f\u00fcr die Nutzung der Website von Nature by Lu unter www.naturebylu.ch. Durch den Zugriff auf diese Website gehen wir davon aus, dass Sie diese Bedingungen akzeptieren.&nbsp;Verwenden Sie Nature by Lu nicht weiter, wenn Sie nicht damit einverstanden sind, alle auf [&hellip;]<\/p>\n","protected":false},"author":1,"featured_media":0,"parent":0,"menu_order":0,"comment_status":"closed","ping_status":"closed","template":"","meta":{"_monsterinsights_skip_tracking":false,"_monsterinsights_sitenote_active":false,"_monsterinsights_sitenote_note":"","_monsterinsights_sitenote_category":0,"site-sidebar-layout":"no-sidebar","site-content-layout":"page-builder","ast-site-content-layout":"","site-content-style":"default","site-sidebar-style":"default","ast-global-header-display":"","ast-banner-title-visibility":"","ast-main-header-display":"","ast-hfb-above-header-display":"","ast-hfb-below-header-display":"","ast-hfb-mobile-header-display":"","site-post-title":"disabled","ast-breadcrumbs-content":"","ast-featured-img":"disabled","footer-sml-layout":"","theme-transparent-header-meta":"","adv-header-id-meta":"","stick-header-meta":"","header-above-stick-meta":"","header-main-stick-meta":"","header-below-stick-meta":"","astra-migrate-meta-layouts":"default","ast-page-background-enabled":"default","ast-page-background-meta":{"desktop":{"background-color":"var(--ast-global-color-4)","background-image":"","background-repeat":"repeat","background-position":"center center","background-size":"auto","background-attachment":"scroll","background-type":"","background-media":"","overlay-type":"","overlay-color":"","overlay-opacity":"","overlay-gradient":""},"tablet":{"background-color":"","background-image":"","background-repeat":"repeat","background-position":"center center","background-size":"auto","background-attachment":"scroll","background-type":"","background-media":"","overlay-type":"","overlay-color":"","overlay-opacity":"","overlay-gradient":""},"mobile":{"background-color":"","background-image":"","background-repeat":"repeat","background-position":"center center","background-size":"auto","background-attachment":"scroll","background-type":"","background-media":"","overlay-type":"","overlay-color":"","overlay-opacity":"","overlay-gradient":""}},"ast-content-background-meta":{"desktop":{"background-color":"var(--ast-global-color-5)","background-image":"","background-repeat":"repeat","background-position":"center center","background-size":"auto","background-attachment":"scroll","background-type":"","background-media":"","overlay-type":"","overlay-color":"","overlay-opacity":"","overlay-gradient":""},"tablet":{"background-color":"var(--ast-global-color-5)","background-image":"","background-repeat":"repeat","background-position":"center center","background-size":"auto","background-attachment":"scroll","background-type":"","background-media":"","overlay-type":"","overlay-color":"","overlay-opacity":"","overlay-gradient":""},"mobile":{"background-color":"var(--ast-global-color-5)","background-image":"","background-repeat":"repeat","background-position":"center center","background-size":"auto","background-attachment":"scroll","background-type":"","background-media":"","overlay-type":"","overlay-color":"","overlay-opacity":"","overlay-gradient":""}},"footnotes":""},"class_list":["post-155","page","type-page","status-publish","hentry"],"jetpack_sharing_enabled":true,"_links":{"self":[{"href":"https:\/\/www.naturebylu.ch\/pt\/wp-json\/wp\/v2\/pages\/155","targetHints":{"allow":["GET"]}}],"collection":[{"href":"https:\/\/www.naturebylu.ch\/pt\/wp-json\/wp\/v2\/pages"}],"about":[{"href":"https:\/\/www.naturebylu.ch\/pt\/wp-json\/wp\/v2\/types\/page"}],"author":[{"embeddable":true,"href":"https:\/\/www.naturebylu.ch\/pt\/wp-json\/wp\/v2\/users\/1"}],"replies":[{"embeddable":true,"href":"https:\/\/www.naturebylu.ch\/pt\/wp-json\/wp\/v2\/comments?post=155"}],"version-history":[{"count":71,"href":"https:\/\/www.naturebylu.ch\/pt\/wp-json\/wp\/v2\/pages\/155\/revisions"}],"predecessor-version":[{"id":4268,"href":"https:\/\/www.naturebylu.ch\/pt\/wp-json\/wp\/v2\/pages\/155\/revisions\/4268"}],"wp:attachment":[{"href":"https:\/\/www.naturebylu.ch\/pt\/wp-json\/wp\/v2\/media?parent=155"}],"curies":[{"name":"wp","href":"https:\/\/api.w.org\/{rel}","templated":true}]}}