{"id":1338,"date":"2022-07-11T17:15:27","date_gmt":"2022-07-11T17:15:27","guid":{"rendered":"https:\/\/www.naturebylu.ch\/?post_type=product&#038;p=1338"},"modified":"2026-03-20T08:31:30","modified_gmt":"2026-03-20T08:31:30","slug":"collagen-beauty","status":"publish","type":"product","link":"https:\/\/www.naturebylu.ch\/pt\/product\/collagen-beauty\/","title":{"rendered":"Collagen Beauty"},"content":{"rendered":"","protected":false},"excerpt":{"rendered":"<p>Uso di\u00e1rio<\/p>\n<p>Sabor neutro<\/p>\n<p>EMBALAGEM COM: 390G \/30 por\u00e7\u00f5es<\/p>\n<p>INGREDIENTES:<br \/>\nSABOR NEUTRO: col\u00e1geno hidrolisado e pept\u00eddeos de col\u00e1geno<\/p>\n<p>MODO DE PREPARO:<br \/>\nAdicione 2 colheres medidora do Collagen Beauty em 200ml de \u00e1gua ou outra bebida da sua prefer\u00eancia. Pode ser usado em prepara\u00e7\u00f5es frias ou quentes<\/p>\n<p>SUGEST\u00c3O DE USO:<br \/>\nEm jejum<br \/>\nNo seu shot matinal<br \/>\nAntes ou depois de uma atividade f\u00edsica<br \/>\nNo caf\u00e9 da manh\u00e3 ou jantar, como um complemento da prote\u00edna daquela refei\u00e7\u00e3o<\/p>\n<p>ZERO:<br \/>\nA\u00e7\u00facar, Gl\u00faten, Lactose, Conservantes, Ado\u00e7antes e Corantes Artificiais<\/p>\n<p>INFORMA\u00c7\u00d5ES IMPORTANTES:<br \/>\nUSO ADULTO<br \/>\nGr\u00e1vidas ou nutrizes somente devem consumir este produto sob orienta\u00e7\u00e3o de m\u00e9dico ou nutricionista<\/p>\n<p>N\u00e3o exceder recomenda\u00e7\u00e3o di\u00e1ria de consumo indicada na embalagem (2 colheres medidoras\/dia)<\/p>\n<p>Os suplementos alimentares n\u00e3o substituem uma alimenta\u00e7\u00e3o variada e equilibrada e um estilo de vida saud\u00e1vel<\/p>\n<p>ARMAZENAMENTO:<br \/>\nArmazenar fechado em local fresco e seco, longe da luz solar direta<\/p>\n<p>Mantenha fora do alcance de crian\u00e7as<\/p>","protected":false},"featured_media":1332,"comment_status":"open","ping_status":"closed","template":"","meta":{"_monsterinsights_skip_tracking":false,"_monsterinsights_sitenote_active":false,"_monsterinsights_sitenote_note":"","_monsterinsights_sitenote_category":0,"site-sidebar-layout":"no-sidebar","site-content-layout":"boxed-container","ast-site-content-layout":"normal-width-container","site-content-style":"boxed","site-sidebar-style":"boxed","ast-global-header-display":"","ast-banner-title-visibility":"","ast-main-header-display":"","ast-hfb-above-header-display":"","ast-hfb-below-header-display":"","ast-hfb-mobile-header-display":"","site-post-title":"","ast-breadcrumbs-content":"","ast-featured-img":"","footer-sml-layout":"","theme-transparent-header-meta":"default","adv-header-id-meta":"","stick-header-meta":"","header-above-stick-meta":"","header-main-stick-meta":"","header-below-stick-meta":"","astra-migrate-meta-layouts":"set","ast-page-background-enabled":"default","ast-page-background-meta":{"desktop":{"background-color":"var(--ast-global-color-4)","background-image":"","background-repeat":"repeat","background-position":"center center","background-size":"auto","background-attachment":"scroll","background-type":"","background-media":"","overlay-type":"","overlay-color":"","overlay-opacity":"","overlay-gradient":""},"tablet":{"background-color":"","background-image":"","background-repeat":"repeat","background-position":"center center","background-size":"auto","background-attachment":"scroll","background-type":"","background-media":"","overlay-type":"","overlay-color":"","overlay-opacity":"","overlay-gradient":""},"mobile":{"background-color":"","background-image":"","background-repeat":"repeat","background-position":"center center","background-size":"auto","background-attachment":"scroll","background-type":"","background-media":"","overlay-type":"","overlay-color":"","overlay-opacity":"","overlay-gradient":""}},"ast-content-background-meta":{"desktop":{"background-color":"var(--ast-global-color-5)","background-image":"","background-repeat":"repeat","background-position":"center center","background-size":"auto","background-attachment":"scroll","background-type":"","background-media":"","overlay-type":"","overlay-color":"","overlay-opacity":"","overlay-gradient":""},"tablet":{"background-color":"var(--ast-global-color-5)","background-image":"","background-repeat":"repeat","background-position":"center center","background-size":"auto","background-attachment":"scroll","background-type":"","background-media":"","overlay-type":"","overlay-color":"","overlay-opacity":"","overlay-gradient":""},"mobile":{"background-color":"var(--ast-global-color-5)","background-image":"","background-repeat":"repeat","background-position":"center center","background-size":"auto","background-attachment":"scroll","background-type":"","background-media":"","overlay-type":"","overlay-color":"","overlay-opacity":"","overlay-gradient":""}}},"product_brand":[],"product_cat":[46],"product_tag":[],"class_list":{"0":"post-1338","1":"product","2":"type-product","3":"status-publish","4":"has-post-thumbnail","6":"product_cat-collagen-beauty","7":"desktop-align-left","8":"tablet-align-left","9":"mobile-align-left","11":"first","12":"instock","13":"taxable","14":"shipping-taxable","15":"purchasable","16":"product-type-variable"},"jetpack_sharing_enabled":true,"_links":{"self":[{"href":"https:\/\/www.naturebylu.ch\/pt\/wp-json\/wp\/v2\/product\/1338","targetHints":{"allow":["GET"]}}],"collection":[{"href":"https:\/\/www.naturebylu.ch\/pt\/wp-json\/wp\/v2\/product"}],"about":[{"href":"https:\/\/www.naturebylu.ch\/pt\/wp-json\/wp\/v2\/types\/product"}],"replies":[{"embeddable":true,"href":"https:\/\/www.naturebylu.ch\/pt\/wp-json\/wp\/v2\/comments?post=1338"}],"wp:featuredmedia":[{"embeddable":true,"href":"https:\/\/www.naturebylu.ch\/pt\/wp-json\/wp\/v2\/media\/1332"}],"wp:attachment":[{"href":"https:\/\/www.naturebylu.ch\/pt\/wp-json\/wp\/v2\/media?parent=1338"}],"wp:term":[{"taxonomy":"product_brand","embeddable":true,"href":"https:\/\/www.naturebylu.ch\/pt\/wp-json\/wp\/v2\/product_brand?post=1338"},{"taxonomy":"product_cat","embeddable":true,"href":"https:\/\/www.naturebylu.ch\/pt\/wp-json\/wp\/v2\/product_cat?post=1338"},{"taxonomy":"product_tag","embeddable":true,"href":"https:\/\/www.naturebylu.ch\/pt\/wp-json\/wp\/v2\/product_tag?post=1338"}],"curies":[{"name":"wp","href":"https:\/\/api.w.org\/{rel}","templated":true}]}}