{"id":1502,"date":"2022-07-16T09:32:13","date_gmt":"2022-07-16T09:32:13","guid":{"rendered":"https:\/\/www.naturebylu.ch\/?post_type=product&#038;p=1502"},"modified":"2026-03-20T08:31:29","modified_gmt":"2026-03-20T08:31:29","slug":"power","status":"publish","type":"product","link":"https:\/\/www.naturebylu.ch\/pt\/product\/power\/","title":{"rendered":"Power"},"content":{"rendered":"","protected":false},"excerpt":{"rendered":"<p>Uso di\u00e1rio<\/p>\n<p>EMBALAGEM COM: 150G \/15 por\u00e7\u00f5es<\/p>\n<p>INGREDIENTES:<br \/>\nMaca Peruana, Beterraba, Cacau, Guaran\u00e1, Gengibre, Cordyceps, C\u00farcuma<\/p>\n<p>MODO DE PREPARO:<br \/>\nConsumir uma colher de sopa com seu leite favorito e frutas congeladas. Adequado para complementar shots, sucos, ch\u00e1s, batidos e smoothies.<\/p>\n<p>SUGEST\u00c3O DE USO:<br \/>\nExperimente no in\u00edcio do dia ou antes de uma atividade f\u00edsica\/mental<\/p>\n<p>ZERO:<br \/>\nA\u00e7\u00facar, Conservantes, Ado\u00e7antes e Corantes Artificiais<br \/>\nPODE CONTER TRA\u00c7OS: Gl\u00faten, Lactose, Casca De Frutas, Gergelim<\/p>\n<p>INFORMA\u00c7\u00d5ES IMPORTANTES:<br \/>\nUSO ADULTO. <br>\nCONTRAINDICADO: gestantes, lactantes e crian\u00e7as\n<br><br \/>\nOs suplementos alimentares n\u00e3o substituem uma alimenta\u00e7\u00e3o variada e equilibrada e um estilo de vida saud\u00e1vel<\/p>\n<p>N\u00e3o exceder recomenda\u00e7\u00e3o di\u00e1ria de consumo indicada na embalagem <br>\n(1 colher de sopa\/dia)<\/p>\n<p>AP\u00d3S ABERTA A EMBALAGEM, CONSUMIR O PRODUTO EM AT\u00c9 45 DIAS<\/p>\n<p>ARMAZENAMENTO:<br \/>\nArmazenar fechado em local fresco e seco, longe da luz solar direta<\/p>\n<p>Mantenha fora do alcance de crian\u00e7as<\/p>","protected":false},"featured_media":4307,"comment_status":"open","ping_status":"closed","template":"","meta":{"_monsterinsights_skip_tracking":false,"_monsterinsights_sitenote_active":false,"_monsterinsights_sitenote_note":"","_monsterinsights_sitenote_category":0,"site-sidebar-layout":"default","site-content-layout":"default","ast-site-content-layout":"default","site-content-style":"default","site-sidebar-style":"default","ast-global-header-display":"","ast-banner-title-visibility":"","ast-main-header-display":"","ast-hfb-above-header-display":"","ast-hfb-below-header-display":"","ast-hfb-mobile-header-display":"","site-post-title":"","ast-breadcrumbs-content":"","ast-featured-img":"","footer-sml-layout":"","theme-transparent-header-meta":"default","adv-header-id-meta":"","stick-header-meta":"","header-above-stick-meta":"","header-main-stick-meta":"","header-below-stick-meta":"","astra-migrate-meta-layouts":"set","ast-page-background-enabled":"default","ast-page-background-meta":{"desktop":{"background-color":"var(--ast-global-color-4)","background-image":"","background-repeat":"repeat","background-position":"center center","background-size":"auto","background-attachment":"scroll","background-type":"","background-media":"","overlay-type":"","overlay-color":"","overlay-opacity":"","overlay-gradient":""},"tablet":{"background-color":"","background-image":"","background-repeat":"repeat","background-position":"center center","background-size":"auto","background-attachment":"scroll","background-type":"","background-media":"","overlay-type":"","overlay-color":"","overlay-opacity":"","overlay-gradient":""},"mobile":{"background-color":"","background-image":"","background-repeat":"repeat","background-position":"center center","background-size":"auto","background-attachment":"scroll","background-type":"","background-media":"","overlay-type":"","overlay-color":"","overlay-opacity":"","overlay-gradient":""}},"ast-content-background-meta":{"desktop":{"background-color":"var(--ast-global-color-5)","background-image":"","background-repeat":"repeat","background-position":"center center","background-size":"auto","background-attachment":"scroll","background-type":"","background-media":"","overlay-type":"","overlay-color":"","overlay-opacity":"","overlay-gradient":""},"tablet":{"background-color":"var(--ast-global-color-5)","background-image":"","background-repeat":"repeat","background-position":"center center","background-size":"auto","background-attachment":"scroll","background-type":"","background-media":"","overlay-type":"","overlay-color":"","overlay-opacity":"","overlay-gradient":""},"mobile":{"background-color":"var(--ast-global-color-5)","background-image":"","background-repeat":"repeat","background-position":"center center","background-size":"auto","background-attachment":"scroll","background-type":"","background-media":"","overlay-type":"","overlay-color":"","overlay-opacity":"","overlay-gradient":""}}},"product_brand":[],"product_cat":[21],"product_tag":[],"class_list":{"0":"post-1502","1":"product","2":"type-product","3":"status-publish","4":"has-post-thumbnail","6":"product_cat-power","7":"desktop-align-left","8":"tablet-align-left","9":"mobile-align-left","11":"first","12":"instock","13":"taxable","14":"shipping-taxable","15":"purchasable","16":"product-type-simple"},"jetpack_sharing_enabled":true,"_links":{"self":[{"href":"https:\/\/www.naturebylu.ch\/pt\/wp-json\/wp\/v2\/product\/1502","targetHints":{"allow":["GET"]}}],"collection":[{"href":"https:\/\/www.naturebylu.ch\/pt\/wp-json\/wp\/v2\/product"}],"about":[{"href":"https:\/\/www.naturebylu.ch\/pt\/wp-json\/wp\/v2\/types\/product"}],"replies":[{"embeddable":true,"href":"https:\/\/www.naturebylu.ch\/pt\/wp-json\/wp\/v2\/comments?post=1502"}],"wp:featuredmedia":[{"embeddable":true,"href":"https:\/\/www.naturebylu.ch\/pt\/wp-json\/wp\/v2\/media\/4307"}],"wp:attachment":[{"href":"https:\/\/www.naturebylu.ch\/pt\/wp-json\/wp\/v2\/media?parent=1502"}],"wp:term":[{"taxonomy":"product_brand","embeddable":true,"href":"https:\/\/www.naturebylu.ch\/pt\/wp-json\/wp\/v2\/product_brand?post=1502"},{"taxonomy":"product_cat","embeddable":true,"href":"https:\/\/www.naturebylu.ch\/pt\/wp-json\/wp\/v2\/product_cat?post=1502"},{"taxonomy":"product_tag","embeddable":true,"href":"https:\/\/www.naturebylu.ch\/pt\/wp-json\/wp\/v2\/product_tag?post=1502"}],"curies":[{"name":"wp","href":"https:\/\/api.w.org\/{rel}","templated":true}]}}