{"id":1508,"date":"2022-07-16T09:57:05","date_gmt":"2022-07-16T09:57:05","guid":{"rendered":"https:\/\/www.naturebylu.ch\/?post_type=product&#038;p=1508"},"modified":"2026-01-28T13:43:44","modified_gmt":"2026-01-28T13:43:44","slug":"collagen-body","status":"publish","type":"product","link":"https:\/\/www.naturebylu.ch\/pt\/product\/collagen-body\/","title":{"rendered":"Collagen Body"},"content":{"rendered":"","protected":false},"excerpt":{"rendered":"<p>Uso di\u00e1rio<\/p>\n<p>Sabor neutro<\/p>\n<p>EMBALAGEM COM: 450G \/30 por\u00e7\u00f5es \u00e0 15g<\/p>\n<p>INGREDIENTES: Pept\u00eddeo de col\u00e1geno\n<br>\nBODYBALANCE\u00ae: contribui para ganho de massa muscular e perda de gordura corporal com comprova\u00e7\u00e3o cient\u00edfica de resultados<\/p>\n<p>MODO DE PREPARO:<br \/>\nConsumir de 15g (2 scoop) a 30g (4 scoop) do Collagen Body ao dia, em 200ml de \u00e1gua ou outra bebida da sua prefer\u00eancia. Pode ser usado em prepara\u00e7\u00f5es frias ou quentes<\/p>\n<p>SUGEST\u00c3O DE USO:<br \/>\nAntes e\/ou depois de uma atividade f\u00edsica<\/p>\n<p>ZERO:<br \/>\nA\u00e7\u00facar, Gl\u00faten, Lactose, Conservantes, Ado\u00e7antes e Corantes Artificiais<\/p>\n<p>INFORMA\u00c7\u00d5ES IMPORTANTES:<br \/>\nGestantes, nutrizes e crian\u00e7as de at\u00e9 3 (tr\u00eas) anos, somente devem consumir este produto sob orienta\u00e7\u00e3o de m\u00e9dico ou nutricionista<br \/>\nOs suplementos alimentares n\u00e3o substituem uma alimenta\u00e7\u00e3o variada e equilibrada e um estilo de vida saud\u00e1vel<\/p>\n<p>N\u00e3o exceder recomenda\u00e7\u00e3o di\u00e1ria de consumo indicada na embalagem <br> (4 colheres medidoras\/dia)<\/p>\n<p>ARMAZENAMENTO:<br \/>\nArmazenar fechado em local fresco e seco, longe da luz solar direta<\/p>\n<p>Mantenha fora do alcance de crian\u00e7as<\/p>","protected":false},"featured_media":1509,"comment_status":"open","ping_status":"closed","template":"","meta":{"_monsterinsights_skip_tracking":false,"_monsterinsights_sitenote_active":false,"_monsterinsights_sitenote_note":"","_monsterinsights_sitenote_category":0,"site-sidebar-layout":"default","site-content-layout":"boxed-container","ast-site-content-layout":"normal-width-container","site-content-style":"boxed","site-sidebar-style":"boxed","ast-global-header-display":"","ast-banner-title-visibility":"","ast-main-header-display":"","ast-hfb-above-header-display":"","ast-hfb-below-header-display":"","ast-hfb-mobile-header-display":"","site-post-title":"","ast-breadcrumbs-content":"","ast-featured-img":"","footer-sml-layout":"","theme-transparent-header-meta":"default","adv-header-id-meta":"","stick-header-meta":"","header-above-stick-meta":"","header-main-stick-meta":"","header-below-stick-meta":"","astra-migrate-meta-layouts":"set","ast-page-background-enabled":"default","ast-page-background-meta":{"desktop":{"background-color":"var(--ast-global-color-4)","background-image":"","background-repeat":"repeat","background-position":"center center","background-size":"auto","background-attachment":"scroll","background-type":"","background-media":"","overlay-type":"","overlay-color":"","overlay-opacity":"","overlay-gradient":""},"tablet":{"background-color":"","background-image":"","background-repeat":"repeat","background-position":"center center","background-size":"auto","background-attachment":"scroll","background-type":"","background-media":"","overlay-type":"","overlay-color":"","overlay-opacity":"","overlay-gradient":""},"mobile":{"background-color":"","background-image":"","background-repeat":"repeat","background-position":"center center","background-size":"auto","background-attachment":"scroll","background-type":"","background-media":"","overlay-type":"","overlay-color":"","overlay-opacity":"","overlay-gradient":""}},"ast-content-background-meta":{"desktop":{"background-color":"var(--ast-global-color-5)","background-image":"","background-repeat":"repeat","background-position":"center center","background-size":"auto","background-attachment":"scroll","background-type":"","background-media":"","overlay-type":"","overlay-color":"","overlay-opacity":"","overlay-gradient":""},"tablet":{"background-color":"var(--ast-global-color-5)","background-image":"","background-repeat":"repeat","background-position":"center center","background-size":"auto","background-attachment":"scroll","background-type":"","background-media":"","overlay-type":"","overlay-color":"","overlay-opacity":"","overlay-gradient":""},"mobile":{"background-color":"var(--ast-global-color-5)","background-image":"","background-repeat":"repeat","background-position":"center center","background-size":"auto","background-attachment":"scroll","background-type":"","background-media":"","overlay-type":"","overlay-color":"","overlay-opacity":"","overlay-gradient":""}}},"product_brand":[],"product_cat":[47],"product_tag":[],"class_list":{"0":"post-1508","1":"product","2":"type-product","3":"status-publish","4":"has-post-thumbnail","6":"product_cat-collagen-body","7":"desktop-align-left","8":"tablet-align-left","9":"mobile-align-left","11":"first","12":"instock","13":"taxable","14":"shipping-taxable","15":"purchasable","16":"product-type-simple"},"jetpack_sharing_enabled":true,"_links":{"self":[{"href":"https:\/\/www.naturebylu.ch\/pt\/wp-json\/wp\/v2\/product\/1508","targetHints":{"allow":["GET"]}}],"collection":[{"href":"https:\/\/www.naturebylu.ch\/pt\/wp-json\/wp\/v2\/product"}],"about":[{"href":"https:\/\/www.naturebylu.ch\/pt\/wp-json\/wp\/v2\/types\/product"}],"replies":[{"embeddable":true,"href":"https:\/\/www.naturebylu.ch\/pt\/wp-json\/wp\/v2\/comments?post=1508"}],"wp:featuredmedia":[{"embeddable":true,"href":"https:\/\/www.naturebylu.ch\/pt\/wp-json\/wp\/v2\/media\/1509"}],"wp:attachment":[{"href":"https:\/\/www.naturebylu.ch\/pt\/wp-json\/wp\/v2\/media?parent=1508"}],"wp:term":[{"taxonomy":"product_brand","embeddable":true,"href":"https:\/\/www.naturebylu.ch\/pt\/wp-json\/wp\/v2\/product_brand?post=1508"},{"taxonomy":"product_cat","embeddable":true,"href":"https:\/\/www.naturebylu.ch\/pt\/wp-json\/wp\/v2\/product_cat?post=1508"},{"taxonomy":"product_tag","embeddable":true,"href":"https:\/\/www.naturebylu.ch\/pt\/wp-json\/wp\/v2\/product_tag?post=1508"}],"curies":[{"name":"wp","href":"https:\/\/api.w.org\/{rel}","templated":true}]}}