{"id":4576,"date":"2025-03-10T22:41:52","date_gmt":"2025-03-10T22:41:52","guid":{"rendered":"https:\/\/www.naturebylu.ch\/?post_type=product&#038;p=4576"},"modified":"2025-12-03T14:03:41","modified_gmt":"2025-12-03T14:03:41","slug":"woman-balance","status":"publish","type":"product","link":"https:\/\/www.naturebylu.ch\/pt\/product\/woman-balance\/","title":{"rendered":"Woman Balance"},"content":{"rendered":"","protected":false},"excerpt":{"rendered":"<p>2 BLEND EM 1<br \/>\nCada blend cont\u00e9m 50g (\u00e0 16 por\u00e7\u00f5es)<\/p>\n<p>INGREDIENTES:<br \/>\nBlend 1 Menstrua\u00e7\u00e3o: Folhas de framboesa, artem\u00edsia, camomila, canela e hortel\u00e3<\/p>\n<p>Blend 2 TPM: Cardo-mariano, melissa, gengibre, folhas de amora e c\u00farcuma<\/p>\n<p>MODO DE PREPARO:<br \/>\nColoque 1 colher de sopa em 200ml de \u00e1gua quente e deixe em infus\u00e3o por 5 minutos<\/p>\n<p>SUGEST\u00c3O DE USO:<br \/>\nBlend Menstrua\u00e7\u00e3o: Consumir de 2 - 3 vezes do ch\u00e1 por dia, durante o per\u00edodo menstrual. Come\u00e7ar com a menstrua\u00e7\u00e3o e continuar at\u00e9 cinco dias ap\u00f3s o fim do ciclo menstrual. Pode ser pela manh\u00e3, antes ou depois do almo\u00e7o, no lanche da manh\u00e3 e\/ou tarde, ou depois do jantar.<\/p>\n<p>Blend TPM: Consumir de 2-3 vezes do ch\u00e1 por dia, entre 10-15 dias que antecedem a menstrua\u00e7\u00e3o. Ou assim que come\u00e7ar a sentir os sintomas da TPM. Pode ser pela manh\u00e3, antes ou depois do almo\u00e7o, no lanche da manh\u00e3 e\/ou tarde, ou depois do jantar.<\/p>\n<p>Pode ser tomado tanto quente como gelado! Seja qual for a sua op\u00e7\u00e3o, \u00e9 importante faz\u00ea-lo com \u00e1gua quente para garantir todos os seus benef\u00edcios e s\u00f3 ent\u00e3o resfri\u00e1-lo para fazer uma nova receita.<\/p>\n<p>ZERO:<br \/>\nA\u00e7\u00facar, Lactose, Conservantes, Ado\u00e7antes e Corantes Artificiais<\/p>\n<p>ARMAZENAMENTO:<br \/>\nArmazenar fechado em local fresco e seco, longe da luz solar direta<\/p>\n<p>Mantenha fora do alcance de crian\u00e7as<\/p>","protected":false},"featured_media":4562,"comment_status":"open","ping_status":"closed","template":"","meta":{"_monsterinsights_skip_tracking":false,"_monsterinsights_sitenote_active":false,"_monsterinsights_sitenote_note":"","_monsterinsights_sitenote_category":0,"site-sidebar-layout":"default","site-content-layout":"","ast-site-content-layout":"default","site-content-style":"default","site-sidebar-style":"default","ast-global-header-display":"","ast-banner-title-visibility":"","ast-main-header-display":"","ast-hfb-above-header-display":"","ast-hfb-below-header-display":"","ast-hfb-mobile-header-display":"","site-post-title":"","ast-breadcrumbs-content":"","ast-featured-img":"","footer-sml-layout":"","theme-transparent-header-meta":"default","adv-header-id-meta":"","stick-header-meta":"","header-above-stick-meta":"","header-main-stick-meta":"","header-below-stick-meta":"","astra-migrate-meta-layouts":"set","ast-page-background-enabled":"default","ast-page-background-meta":{"desktop":{"background-color":"var(--ast-global-color-4)","background-image":"","background-repeat":"repeat","background-position":"center center","background-size":"auto","background-attachment":"scroll","background-type":"","background-media":"","overlay-type":"","overlay-color":"","overlay-opacity":"","overlay-gradient":""},"tablet":{"background-color":"","background-image":"","background-repeat":"repeat","background-position":"center center","background-size":"auto","background-attachment":"scroll","background-type":"","background-media":"","overlay-type":"","overlay-color":"","overlay-opacity":"","overlay-gradient":""},"mobile":{"background-color":"","background-image":"","background-repeat":"repeat","background-position":"center center","background-size":"auto","background-attachment":"scroll","background-type":"","background-media":"","overlay-type":"","overlay-color":"","overlay-opacity":"","overlay-gradient":""}},"ast-content-background-meta":{"desktop":{"background-color":"var(--ast-global-color-5)","background-image":"","background-repeat":"repeat","background-position":"center center","background-size":"auto","background-attachment":"scroll","background-type":"","background-media":"","overlay-type":"","overlay-color":"","overlay-opacity":"","overlay-gradient":""},"tablet":{"background-color":"var(--ast-global-color-5)","background-image":"","background-repeat":"repeat","background-position":"center center","background-size":"auto","background-attachment":"scroll","background-type":"","background-media":"","overlay-type":"","overlay-color":"","overlay-opacity":"","overlay-gradient":""},"mobile":{"background-color":"var(--ast-global-color-5)","background-image":"","background-repeat":"repeat","background-position":"center center","background-size":"auto","background-attachment":"scroll","background-type":"","background-media":"","overlay-type":"","overlay-color":"","overlay-opacity":"","overlay-gradient":""}}},"product_brand":[],"product_cat":[63],"product_tag":[],"class_list":{"0":"post-4576","1":"product","2":"type-product","3":"status-publish","4":"has-post-thumbnail","6":"product_cat-woman-balance","7":"desktop-align-left","8":"tablet-align-left","9":"mobile-align-left","11":"first","12":"instock","13":"taxable","14":"shipping-taxable","15":"purchasable","16":"product-type-simple"},"jetpack_sharing_enabled":true,"_links":{"self":[{"href":"https:\/\/www.naturebylu.ch\/pt\/wp-json\/wp\/v2\/product\/4576","targetHints":{"allow":["GET"]}}],"collection":[{"href":"https:\/\/www.naturebylu.ch\/pt\/wp-json\/wp\/v2\/product"}],"about":[{"href":"https:\/\/www.naturebylu.ch\/pt\/wp-json\/wp\/v2\/types\/product"}],"replies":[{"embeddable":true,"href":"https:\/\/www.naturebylu.ch\/pt\/wp-json\/wp\/v2\/comments?post=4576"}],"wp:featuredmedia":[{"embeddable":true,"href":"https:\/\/www.naturebylu.ch\/pt\/wp-json\/wp\/v2\/media\/4562"}],"wp:attachment":[{"href":"https:\/\/www.naturebylu.ch\/pt\/wp-json\/wp\/v2\/media?parent=4576"}],"wp:term":[{"taxonomy":"product_brand","embeddable":true,"href":"https:\/\/www.naturebylu.ch\/pt\/wp-json\/wp\/v2\/product_brand?post=4576"},{"taxonomy":"product_cat","embeddable":true,"href":"https:\/\/www.naturebylu.ch\/pt\/wp-json\/wp\/v2\/product_cat?post=4576"},{"taxonomy":"product_tag","embeddable":true,"href":"https:\/\/www.naturebylu.ch\/pt\/wp-json\/wp\/v2\/product_tag?post=4576"}],"curies":[{"name":"wp","href":"https:\/\/api.w.org\/{rel}","templated":true}]}}