{"id":914,"date":"2022-07-04T09:23:44","date_gmt":"2022-07-04T09:23:44","guid":{"rendered":"https:\/\/www.naturebylu.ch\/?post_type=product&#038;p=914"},"modified":"2025-11-07T16:21:21","modified_gmt":"2025-11-07T16:21:21","slug":"krauter-tee","status":"publish","type":"product","link":"https:\/\/www.naturebylu.ch\/pt\/product\/krauter-tee\/","title":{"rendered":"Kr\u00e4utertee"},"content":{"rendered":"","protected":false},"excerpt":{"rendered":"<p>Uso di\u00e1rio<br \/>\n23 Kr\u00e4uter: 7 sach\u00eas<br \/>\n23 Kr\u00e4uter: 21 sach\u00eas<\/p>\n<p>INGREDIENTES:<br \/>\n<strong>23 Kr\u00e4uter<\/strong>: Sementes de funcho doce, ch\u00e1 verde, flores de hibisco, raiz de gengibre, flores de camomila, cardamomo, raiz de a\u00e7afr\u00e3o, folhas de erva-mate, folhas de erva-cidreira, cravo, folhas de oliveira, anis estrelado, casca de laranja, alecrim, folhas de hortel\u00e3-pimenta, folhas de s\u00e1lvia, cavalinha, pimenta-do-reino, erva-tigre, casca de lim\u00e3o, capim-lim\u00e3o, canela do Ceil\u00e3o, folhas de boldo<\/p>\n<p>PASSOS PARA SEU BEM ESTAR:\n\n1 sach\u00ea para 500ml de \u00e1gua fervida e repousar o ch\u00e1 de 5- 10 minutos. Consumir em doses fracionadas, 2 ou 3 vezes ao dia, pode ser: pela manh\u00e3, em jejum, antes ou depois do almo\u00e7o, no lanche da manh\u00e3 e\/ou tarde<\/p>\n<p>SUGEST\u00c3O DE USO:<br \/>\nPode ser tomado tanto quente como gelado! Seja qual for a sua op\u00e7\u00e3o, \u00e9 importante faz\u00ea-lo com \u00e1gua quente para garantir todos os seus benef\u00edcios e s\u00f3 ent\u00e3o resfri\u00e1-lo para fazer uma nova receita. \u00c9 uma excelente escolha para uma hora antes ou depois das refei\u00e7\u00f5es.<\/p>\n<p>ZERO:<br \/>\nA\u00e7\u00facar, Lactose, Conservantes, Ado\u00e7antes e Corantes Artificiais<\/p>\n<p>ARMAZENAMENTO:<br \/>\nArmazenar fechado em local fresco e seco, longe da luz solar direta<\/p>\n<p>Mantenha fora do alcance de crian\u00e7as<\/p>","protected":false},"featured_media":1505,"comment_status":"open","ping_status":"closed","template":"","meta":{"_monsterinsights_skip_tracking":false,"_monsterinsights_sitenote_active":false,"_monsterinsights_sitenote_note":"","_monsterinsights_sitenote_category":0,"site-sidebar-layout":"default","site-content-layout":"default","ast-site-content-layout":"default","site-content-style":"default","site-sidebar-style":"default","ast-global-header-display":"","ast-banner-title-visibility":"","ast-main-header-display":"","ast-hfb-above-header-display":"","ast-hfb-below-header-display":"","ast-hfb-mobile-header-display":"","site-post-title":"","ast-breadcrumbs-content":"","ast-featured-img":"","footer-sml-layout":"","theme-transparent-header-meta":"default","adv-header-id-meta":"","stick-header-meta":"","header-above-stick-meta":"","header-main-stick-meta":"","header-below-stick-meta":"","astra-migrate-meta-layouts":"set","ast-page-background-enabled":"default","ast-page-background-meta":{"desktop":{"background-color":"var(--ast-global-color-4)","background-image":"","background-repeat":"repeat","background-position":"center center","background-size":"auto","background-attachment":"scroll","background-type":"","background-media":"","overlay-type":"","overlay-color":"","overlay-opacity":"","overlay-gradient":""},"tablet":{"background-color":"","background-image":"","background-repeat":"repeat","background-position":"center center","background-size":"auto","background-attachment":"scroll","background-type":"","background-media":"","overlay-type":"","overlay-color":"","overlay-opacity":"","overlay-gradient":""},"mobile":{"background-color":"","background-image":"","background-repeat":"repeat","background-position":"center center","background-size":"auto","background-attachment":"scroll","background-type":"","background-media":"","overlay-type":"","overlay-color":"","overlay-opacity":"","overlay-gradient":""}},"ast-content-background-meta":{"desktop":{"background-color":"var(--ast-global-color-5)","background-image":"","background-repeat":"repeat","background-position":"center center","background-size":"auto","background-attachment":"scroll","background-type":"","background-media":"","overlay-type":"","overlay-color":"","overlay-opacity":"","overlay-gradient":""},"tablet":{"background-color":"var(--ast-global-color-5)","background-image":"","background-repeat":"repeat","background-position":"center center","background-size":"auto","background-attachment":"scroll","background-type":"","background-media":"","overlay-type":"","overlay-color":"","overlay-opacity":"","overlay-gradient":""},"mobile":{"background-color":"var(--ast-global-color-5)","background-image":"","background-repeat":"repeat","background-position":"center center","background-size":"auto","background-attachment":"scroll","background-type":"","background-media":"","overlay-type":"","overlay-color":"","overlay-opacity":"","overlay-gradient":""}}},"product_brand":[],"product_cat":[29],"product_tag":[],"class_list":{"0":"post-914","1":"product","2":"type-product","3":"status-publish","4":"has-post-thumbnail","6":"product_cat-krauter-tee","7":"desktop-align-left","8":"tablet-align-left","9":"mobile-align-left","11":"first","12":"instock","13":"taxable","14":"shipping-taxable","15":"purchasable","16":"product-type-variable"},"jetpack_sharing_enabled":true,"_links":{"self":[{"href":"https:\/\/www.naturebylu.ch\/pt\/wp-json\/wp\/v2\/product\/914","targetHints":{"allow":["GET"]}}],"collection":[{"href":"https:\/\/www.naturebylu.ch\/pt\/wp-json\/wp\/v2\/product"}],"about":[{"href":"https:\/\/www.naturebylu.ch\/pt\/wp-json\/wp\/v2\/types\/product"}],"replies":[{"embeddable":true,"href":"https:\/\/www.naturebylu.ch\/pt\/wp-json\/wp\/v2\/comments?post=914"}],"wp:featuredmedia":[{"embeddable":true,"href":"https:\/\/www.naturebylu.ch\/pt\/wp-json\/wp\/v2\/media\/1505"}],"wp:attachment":[{"href":"https:\/\/www.naturebylu.ch\/pt\/wp-json\/wp\/v2\/media?parent=914"}],"wp:term":[{"taxonomy":"product_brand","embeddable":true,"href":"https:\/\/www.naturebylu.ch\/pt\/wp-json\/wp\/v2\/product_brand?post=914"},{"taxonomy":"product_cat","embeddable":true,"href":"https:\/\/www.naturebylu.ch\/pt\/wp-json\/wp\/v2\/product_cat?post=914"},{"taxonomy":"product_tag","embeddable":true,"href":"https:\/\/www.naturebylu.ch\/pt\/wp-json\/wp\/v2\/product_tag?post=914"}],"curies":[{"name":"wp","href":"https:\/\/api.w.org\/{rel}","templated":true}]}}